{"id":1368,"date":"2020-08-24T10:59:46","date_gmt":"2020-08-24T08:59:46","guid":{"rendered":"https:\/\/cuiaba.eleusal.com\/?page_id=1368"},"modified":"2020-08-25T09:47:43","modified_gmt":"2020-08-25T07:47:43","slug":"escuela","status":"publish","type":"page","link":"https:\/\/cuiaba.eleusal.com\/es\/escuela\/","title":{"rendered":"Escuela"},"content":{"rendered":"<p>[vc_row css_animation=\u00bb\u00bb row_type=\u00bbrow\u00bb use_row_as_full_screen_section=\u00bbno\u00bb type=\u00bbfull_width\u00bb angled_section=\u00bbno\u00bb text_align=\u00bbleft\u00bb background_image_as_pattern=\u00bbwithout_pattern\u00bb][vc_column][vc_empty_space height=\u00bb100px\u00bb][\/vc_column][\/vc_row][vc_row css_animation=\u00bb\u00bb row_type=\u00bbrow\u00bb use_row_as_full_screen_section=\u00bbno\u00bb type=\u00bbgrid\u00bb angled_section=\u00bbno\u00bb text_align=\u00bbleft\u00bb background_image_as_pattern=\u00bbwithout_pattern\u00bb z_index=\u00bb\u00bb][vc_column width=\u00bb2\/3&#8243;][vc_column_text]La ciudad brasile\u00f1a de Cuiab\u00e1, capital del Estado de Mato Grosso, y de una de las sedes para la Copa del Mundo del 2014 elegida por la FIFA, acoge la segunda franquicia de las Escuelas de Lengua Espa\u00f1ola de la Universidad de Salamanca (ELE USAL) para la ense\u00f1anza del espa\u00f1ol a alumnos extranjeros en sus pa\u00edses de origen.<\/p>\n<p>&nbsp;<\/p>\n<p>La Escuela de Lengua Espa\u00f1ola Universidad de Salamanca en Cuiab\u00e1 se marca el objetivo de reforzar la difusi\u00f3n del espa\u00f1ol en un pa\u00eds que reconoce, a trav\u00e9s de las diferentes instituciones p\u00fablicas, la importancia de su aprendizaje debido a su situaci\u00f3n geogr\u00e1fica.<\/p>\n<p>&nbsp;<\/p>\n<p>La oferta de la ense\u00f1anza del espa\u00f1ol se presenta a todos los \u00e1mbitos: estudiantes, profesionales, empresarios y funcionarios.[\/vc_column_text][\/vc_column][vc_column width=\u00bb1\/3&#8243;][vc_gmaps link=\u00bb#E-8_JTNDaWZyYW1lJTIwc3JjJTNEJTIyaHR0cHMlM0ElMkYlMkZ3d3cuZ29vZ2xlLmNvbSUyRm1hcHMlMkZlbWJlZCUzRnBiJTNEJTIxMW0xOCUyMTFtMTIlMjExbTMlMjExZDM4NDEuOTU0MDAxNzA5ODUyNSUyMTJkLTU2LjEwMTQ4NTk4NDU5ODk1JTIxM2QtMTUuNjQ3NDM3NzIzNTI3NDMyJTIxMm0zJTIxMWYwJTIxMmYwJTIxM2YwJTIxM20yJTIxMWkxMDI0JTIxMmk3NjglMjE0ZjEzLjElMjEzbTMlMjExbTIlMjExczB4OTM5ZGFlNmU5YmMwMGVkOSUyNTNBMHhhNDM0MTM1NTIzOTFiY2Q0JTIxMnNSdWElMjUyMGRvJTI1MjBTZW1pbiUyNUMzJTI1QTFyaW8lMjUyQyUyNTIwMTA1JTI1MjAtJTI1MjBIZWxpbyUyNTIwUG9uY2UlMjUyMGRlJTI1MjBBcnJ1ZGElMjUyQyUyNTIwViUyNUMzJTI1QTFyemVhJTI1MjBHcmFuZGUlMjUyMC0lMjUyME1UJTI1MkMlMjUyMDc4MDcwLTIwMCUyNTJDJTI1MjBCcmFzaWwlMjE1ZTAlMjEzbTIlMjExc2VzJTIxMnNlcyUyMTR2MTU5Njc5MTg3NDQ5NyUyMTVtMiUyMTFzZXMlMjEyc2VzJTIyJTIwd2lkdGglM0QlMjI2MDAlMjIlMjBoZWlnaHQlM0QlMjI0NTAlMjIlMjBmcmFtZWJvcmRlciUzRCUyMjAlMjIlMjBzdHlsZSUzRCUyMmJvcmRlciUzQTAlM0IlMjIlMjBhbGxvd2Z1bGxzY3JlZW4lM0QlMjIlMjIlMjBhcmlhLWhpZGRlbiUzRCUyMmZhbHNlJTIyJTIwdGFiaW5kZXglM0QlMjIwJTIyJTNFJTNDJTJGaWZyYW1lJTNF\u00bb size=\u00bb\u00bb][\/vc_column][\/vc_row][vc_row css_animation=\u00bb\u00bb row_type=\u00bbrow\u00bb use_row_as_full_screen_section=\u00bbno\u00bb type=\u00bbgrid\u00bb angled_section=\u00bbno\u00bb text_align=\u00bbleft\u00bb background_image_as_pattern=\u00bbwithout_pattern\u00bb padding_top=\u00bb90&#8243; padding_bottom=\u00bb90&#8243; z_index=\u00bb\u00bb][vc_column][vc_column_text]<\/p>\n<h3 style=\"text-align: center;\">Nuestro equipo<\/h3>\n<p>[\/vc_column_text]<div class=\"qode-instructor-list-holder qode-normal-space qode-tl-two-columns\">\n\t<div class=\"qode-tl-inner qode-outer-space\" data-number-of-items=\"2\" data-enable-navigation=\"no\" data-enable-pagination=\"no\">\n\t\t<div class=\"qode-instructor qode-item-space info-bellow\">\n\t<div class=\"qode-instructor-inner\">\n\t\t\t\t\t<div class=\"qode-instructor-image\">\n\t\t\t\t<a itemprop=\"url\" href=\"https:\/\/cuiaba.eleusal.com\/es\/instructor\/uyara-magalhaes\/\">\n\t\t\t\t\t<img loading=\"lazy\" decoding=\"async\" width=\"150\" height=\"150\" src=\"https:\/\/cuiaba.eleusal.com\/wp-content\/uploads\/sites\/19\/2019\/07\/uyara_magahaes-150x150.jpg\" class=\"attachment-thumbnail size-thumbnail wp-post-image\" alt=\"\" srcset=\"https:\/\/cuiaba.eleusal.com\/wp-content\/uploads\/sites\/19\/2019\/07\/uyara_magahaes-150x150.jpg 150w, https:\/\/cuiaba.eleusal.com\/wp-content\/uploads\/sites\/19\/2019\/07\/uyara_magahaes-100x100.jpg 100w\" sizes=\"auto, (max-width: 150px) 100vw, 150px\" \/>\t\t\t\t<\/a>\n\t\t\t<\/div>\n\t\t\t\t<div class=\"qode-instructor-info\">\n\t\t\t<div class=\"qode-instructor-title-holder\">\n\t\t\t\t<h4 itemprop=\"name\" class=\"qode-instructor-name entry-title\">\n\t\t\t\t\t<a itemprop=\"url\" href=\"https:\/\/cuiaba.eleusal.com\/es\/instructor\/uyara-magalhaes\/\">Uyara Magalh\u00e3es<\/a>\n\t\t\t\t<\/h4>\n\t\t\t\t\n\t\t\t\t\t\t\t\t\t<h6 class=\"qode-instructor-position\">Directora<\/h6>\n\t\t\t\t\t\t\t<\/div>\n\t\t\t\t\t\t\t<div class=\"qode-instructor-text\">\n\t\t\t\t\t<div class=\"qode-instructor-text-inner\">\n\t\t\t\t\t\t<div class=\"qode-instructor-description\">\n\t\t\t\t\t\t\t<p itemprop=\"description\" class=\"qode-instructor-excerpt\">[vc_row css_animation=\u00bb\u00bb row_type=\u00bbrow\u00bb use_row_as_full_screen_section=\u00bbno\u00bb type=\u00bbfull_width\u00bb angled_section=\u00bbno\u00bb text_align=\u00bbleft\u00bb background_image_as_pattern=\u00bbwithout_pattern\u00bb z_index=\u00bb\u00bb][vc_column width=\u00bb2\/3&#8243;][qode_elements_holder number_of_columns=\u00bbone_column\u00bb][qode_elements_holder_item advanced_animations=\u00bbno\u00bb item_padding=\u00bb0px 29px 0 17px\u00bb][vc_separator type=\u00bbtransparent\u00bb up=\u00bb-15&#8243;][vc_empty_space height=\u00bb14px\u00bb][vc_column_text]Experiencia profesional Profesora &#8211; Escuela Superior de Formaci\u00f3n y Mejora de Plazas, ESFAP, Brasil. Directora &#8211; Escuela de Idiomas de la Universidad de Salamanca &#8211; Cuiab\u00e1, ELEUSAL...<\/p>\n\t\t\t\t\t\t<\/div>\n\t\t\t\t\t<\/div>\n\t\t\t\t<\/div>\n\t\t\t\t\t\t<div class=\"qode-instructor-social-holder-between\">\n\t\t\t\t<div class=\"qode-instructor-social\">\n\t\t\t\t\t<div class=\"qode-instructor-social-inner\">\n\t\t\t\t\t\t<div class=\"qode-instructor-social-wrapp\">\n\t\t\t\t\t\t\t\t\t\t\t\t\t<\/div>\n\t\t\t\t\t<\/div>\n\t\t\t\t<\/div>\n\t\t\t<\/div>\n\t\t<\/div>\n\t<\/div>\n<\/div><div class=\"qode-instructor qode-item-space info-bellow\">\n\t<div class=\"qode-instructor-inner\">\n\t\t\t\t\t<div class=\"qode-instructor-image\">\n\t\t\t\t<a itemprop=\"url\" href=\"https:\/\/cuiaba.eleusal.com\/es\/instructor\/jorge-caballero-fiel\/\">\n\t\t\t\t\t<img loading=\"lazy\" decoding=\"async\" width=\"150\" height=\"150\" src=\"https:\/\/cuiaba.eleusal.com\/wp-content\/uploads\/sites\/19\/2018\/04\/jorge_caballero_fiel-150x150.jpg\" class=\"attachment-thumbnail size-thumbnail wp-post-image\" alt=\"\" srcset=\"https:\/\/cuiaba.eleusal.com\/wp-content\/uploads\/sites\/19\/2018\/04\/jorge_caballero_fiel-150x150.jpg 150w, https:\/\/cuiaba.eleusal.com\/wp-content\/uploads\/sites\/19\/2018\/04\/jorge_caballero_fiel-100x100.jpg 100w\" sizes=\"auto, (max-width: 150px) 100vw, 150px\" \/>\t\t\t\t<\/a>\n\t\t\t<\/div>\n\t\t\t\t<div class=\"qode-instructor-info\">\n\t\t\t<div class=\"qode-instructor-title-holder\">\n\t\t\t\t<h4 itemprop=\"name\" class=\"qode-instructor-name entry-title\">\n\t\t\t\t\t<a itemprop=\"url\" href=\"https:\/\/cuiaba.eleusal.com\/es\/instructor\/jorge-caballero-fiel\/\">Jorge Caballero Fiel<\/a>\n\t\t\t\t<\/h4>\n\t\t\t\t\n\t\t\t\t\t\t\t\t\t<h6 class=\"qode-instructor-position\">Jefe de estudios<\/h6>\n\t\t\t\t\t\t\t<\/div>\n\t\t\t\t\t\t\t<div class=\"qode-instructor-text\">\n\t\t\t\t\t<div class=\"qode-instructor-text-inner\">\n\t\t\t\t\t\t<div class=\"qode-instructor-description\">\n\t\t\t\t\t\t\t<p itemprop=\"description\" class=\"qode-instructor-excerpt\">[vc_row css_animation=\u00bb\u00bb row_type=\u00bbrow\u00bb use_row_as_full_screen_section=\u00bbno\u00bb type=\u00bbfull_width\u00bb angled_section=\u00bbno\u00bb text_align=\u00bbleft\u00bb background_image_as_pattern=\u00bbwithout_pattern\u00bb z_index=\u00bb\u00bb][vc_column width=\u00bb2\/3&#8243;][qode_elements_holder number_of_columns=\u00bbone_column\u00bb][qode_elements_holder_item advanced_animations=\u00bbno\u00bb item_padding=\u00bb0px 29px 0 17px\u00bb][vc_separator type=\u00bbtransparent\u00bb up=\u00bb-15&#8243;][vc_column_text]Experiencia Profesional Profesor de Educaci\u00f3n Media y Superior &#8211; Instituto Federal de Mato Grosso. Director &#8211; Escuela de Lengua Espa\u00f1ola ELE USAL Cuiab\u00e1. T\u00e9cnico en Estad\u00edstica &#8211; Instituto...<\/p>\n\t\t\t\t\t\t<\/div>\n\t\t\t\t\t<\/div>\n\t\t\t\t<\/div>\n\t\t\t\t\t\t<div class=\"qode-instructor-social-holder-between\">\n\t\t\t\t<div class=\"qode-instructor-social\">\n\t\t\t\t\t<div class=\"qode-instructor-social-inner\">\n\t\t\t\t\t\t<div class=\"qode-instructor-social-wrapp\">\n\t\t\t\t\t\t\t\t\t\t\t\t\t<\/div>\n\t\t\t\t\t<\/div>\n\t\t\t\t<\/div>\n\t\t\t<\/div>\n\t\t<\/div>\n\t<\/div>\n<\/div>\t<\/div>\n<\/div>[\/vc_column][\/vc_row]<\/p>\n","protected":false},"excerpt":{"rendered":"<p>[vc_row css_animation=\u00bb\u00bb row_type=\u00bbrow\u00bb use_row_as_full_screen_section=\u00bbno\u00bb type=\u00bbfull_width\u00bb angled_section=\u00bbno\u00bb text_align=\u00bbleft\u00bb background_image_as_pattern=\u00bbwithout_pattern\u00bb][vc_column][vc_empty_space height=\u00bb100px\u00bb][\/vc_column][\/vc_row][vc_row css_animation=\u00bb\u00bb row_type=\u00bbrow\u00bb use_row_as_full_screen_section=\u00bbno\u00bb type=\u00bbgrid\u00bb angled_section=\u00bbno\u00bb text_align=\u00bbleft\u00bb background_image_as_pattern=\u00bbwithout_pattern\u00bb z_index=\u00bb\u00bb][vc_column width=\u00bb2\/3&#8243;][vc_column_text]La ciudad brasile\u00f1a de Cuiab\u00e1, capital del Estado de Mato Grosso, y de una de las sedes para la Copa del Mundo del 2014 elegida por la FIFA,&#8230;<\/p>\n","protected":false},"author":1,"featured_media":0,"parent":0,"menu_order":0,"comment_status":"closed","ping_status":"closed","template":"full_width.php","meta":{"footnotes":""},"class_list":["post-1368","page","type-page","status-publish","hentry"],"yoast_head":"<!-- This site is optimized with the Yoast SEO plugin v24.2 - https:\/\/yoast.com\/wordpress\/plugins\/seo\/ -->\n<title>Escuela - ELE USAL Cuiab\u00e1<\/title>\n<meta name=\"robots\" content=\"index, follow, max-snippet:-1, max-image-preview:large, max-video-preview:-1\" \/>\n<link rel=\"canonical\" href=\"https:\/\/cuiaba.eleusal.com\/es\/escuela\/\" \/>\n<meta property=\"og:locale\" content=\"es_ES\" \/>\n<meta property=\"og:type\" content=\"article\" \/>\n<meta property=\"og:title\" content=\"Escuela - ELE USAL Cuiab\u00e1\" \/>\n<meta property=\"og:description\" content=\"[vc_row css_animation=\u00bb\u00bb row_type=\u00bbrow\u00bb use_row_as_full_screen_section=\u00bbno\u00bb type=\u00bbfull_width\u00bb angled_section=\u00bbno\u00bb text_align=\u00bbleft\u00bb background_image_as_pattern=\u00bbwithout_pattern\u00bb][vc_column][vc_empty_space height=\u00bb100px\u00bb][\/vc_column][\/vc_row][vc_row css_animation=\u00bb\u00bb row_type=\u00bbrow\u00bb use_row_as_full_screen_section=\u00bbno\u00bb type=\u00bbgrid\u00bb angled_section=\u00bbno\u00bb text_align=\u00bbleft\u00bb background_image_as_pattern=\u00bbwithout_pattern\u00bb z_index=\u00bb\u00bb][vc_column width=\u00bb2\/3&#8243;][vc_column_text]La ciudad brasile\u00f1a de Cuiab\u00e1, capital del Estado de Mato Grosso, y de una de las sedes para la Copa del Mundo del 2014 elegida por la FIFA,...\" \/>\n<meta property=\"og:url\" content=\"https:\/\/cuiaba.eleusal.com\/es\/escuela\/\" \/>\n<meta property=\"og:site_name\" content=\"ELE USAL Cuiab\u00e1\" \/>\n<meta property=\"article:modified_time\" content=\"2020-08-25T07:47:43+00:00\" \/>\n<meta name=\"twitter:card\" content=\"summary_large_image\" \/>\n<meta name=\"twitter:label1\" content=\"Tiempo de lectura\" \/>\n\t<meta name=\"twitter:data1\" content=\"2 minutos\" \/>\n<script type=\"application\/ld+json\" class=\"yoast-schema-graph\">{\"@context\":\"https:\/\/schema.org\",\"@graph\":[{\"@type\":\"WebPage\",\"@id\":\"https:\/\/cuiaba.eleusal.com\/es\/escuela\/\",\"url\":\"https:\/\/cuiaba.eleusal.com\/es\/escuela\/\",\"name\":\"Escuela - ELE USAL Cuiab\u00e1\",\"isPartOf\":{\"@id\":\"https:\/\/cuiaba.eleusal.com\/#website\"},\"datePublished\":\"2020-08-24T08:59:46+00:00\",\"dateModified\":\"2020-08-25T07:47:43+00:00\",\"breadcrumb\":{\"@id\":\"https:\/\/cuiaba.eleusal.com\/es\/escuela\/#breadcrumb\"},\"inLanguage\":\"es\",\"potentialAction\":[{\"@type\":\"ReadAction\",\"target\":[\"https:\/\/cuiaba.eleusal.com\/es\/escuela\/\"]}]},{\"@type\":\"BreadcrumbList\",\"@id\":\"https:\/\/cuiaba.eleusal.com\/es\/escuela\/#breadcrumb\",\"itemListElement\":[{\"@type\":\"ListItem\",\"position\":1,\"name\":\"Home\",\"item\":\"https:\/\/cuiaba.eleusal.com\/es\/\"},{\"@type\":\"ListItem\",\"position\":2,\"name\":\"Escuela\"}]},{\"@type\":\"WebSite\",\"@id\":\"https:\/\/cuiaba.eleusal.com\/#website\",\"url\":\"https:\/\/cuiaba.eleusal.com\/\",\"name\":\"ELE USAL Cuiab\u00e1\",\"description\":\"ELE USAL\",\"potentialAction\":[{\"@type\":\"SearchAction\",\"target\":{\"@type\":\"EntryPoint\",\"urlTemplate\":\"https:\/\/cuiaba.eleusal.com\/?s={search_term_string}\"},\"query-input\":{\"@type\":\"PropertyValueSpecification\",\"valueRequired\":true,\"valueName\":\"search_term_string\"}}],\"inLanguage\":\"es\"}]}<\/script>\n<!-- \/ Yoast SEO plugin. -->","yoast_head_json":{"title":"Escuela - ELE USAL Cuiab\u00e1","robots":{"index":"index","follow":"follow","max-snippet":"max-snippet:-1","max-image-preview":"max-image-preview:large","max-video-preview":"max-video-preview:-1"},"canonical":"https:\/\/cuiaba.eleusal.com\/es\/escuela\/","og_locale":"es_ES","og_type":"article","og_title":"Escuela - ELE USAL Cuiab\u00e1","og_description":"[vc_row css_animation=\u00bb\u00bb row_type=\u00bbrow\u00bb use_row_as_full_screen_section=\u00bbno\u00bb type=\u00bbfull_width\u00bb angled_section=\u00bbno\u00bb text_align=\u00bbleft\u00bb background_image_as_pattern=\u00bbwithout_pattern\u00bb][vc_column][vc_empty_space height=\u00bb100px\u00bb][\/vc_column][\/vc_row][vc_row css_animation=\u00bb\u00bb row_type=\u00bbrow\u00bb use_row_as_full_screen_section=\u00bbno\u00bb type=\u00bbgrid\u00bb angled_section=\u00bbno\u00bb text_align=\u00bbleft\u00bb background_image_as_pattern=\u00bbwithout_pattern\u00bb z_index=\u00bb\u00bb][vc_column width=\u00bb2\/3&#8243;][vc_column_text]La ciudad brasile\u00f1a de Cuiab\u00e1, capital del Estado de Mato Grosso, y de una de las sedes para la Copa del Mundo del 2014 elegida por la FIFA,...","og_url":"https:\/\/cuiaba.eleusal.com\/es\/escuela\/","og_site_name":"ELE USAL Cuiab\u00e1","article_modified_time":"2020-08-25T07:47:43+00:00","twitter_card":"summary_large_image","twitter_misc":{"Tiempo de lectura":"2 minutos"},"schema":{"@context":"https:\/\/schema.org","@graph":[{"@type":"WebPage","@id":"https:\/\/cuiaba.eleusal.com\/es\/escuela\/","url":"https:\/\/cuiaba.eleusal.com\/es\/escuela\/","name":"Escuela - ELE USAL Cuiab\u00e1","isPartOf":{"@id":"https:\/\/cuiaba.eleusal.com\/#website"},"datePublished":"2020-08-24T08:59:46+00:00","dateModified":"2020-08-25T07:47:43+00:00","breadcrumb":{"@id":"https:\/\/cuiaba.eleusal.com\/es\/escuela\/#breadcrumb"},"inLanguage":"es","potentialAction":[{"@type":"ReadAction","target":["https:\/\/cuiaba.eleusal.com\/es\/escuela\/"]}]},{"@type":"BreadcrumbList","@id":"https:\/\/cuiaba.eleusal.com\/es\/escuela\/#breadcrumb","itemListElement":[{"@type":"ListItem","position":1,"name":"Home","item":"https:\/\/cuiaba.eleusal.com\/es\/"},{"@type":"ListItem","position":2,"name":"Escuela"}]},{"@type":"WebSite","@id":"https:\/\/cuiaba.eleusal.com\/#website","url":"https:\/\/cuiaba.eleusal.com\/","name":"ELE USAL Cuiab\u00e1","description":"ELE USAL","potentialAction":[{"@type":"SearchAction","target":{"@type":"EntryPoint","urlTemplate":"https:\/\/cuiaba.eleusal.com\/?s={search_term_string}"},"query-input":{"@type":"PropertyValueSpecification","valueRequired":true,"valueName":"search_term_string"}}],"inLanguage":"es"}]}},"_links":{"self":[{"href":"https:\/\/cuiaba.eleusal.com\/es\/wp-json\/wp\/v2\/pages\/1368","targetHints":{"allow":["GET"]}}],"collection":[{"href":"https:\/\/cuiaba.eleusal.com\/es\/wp-json\/wp\/v2\/pages"}],"about":[{"href":"https:\/\/cuiaba.eleusal.com\/es\/wp-json\/wp\/v2\/types\/page"}],"author":[{"embeddable":true,"href":"https:\/\/cuiaba.eleusal.com\/es\/wp-json\/wp\/v2\/users\/1"}],"replies":[{"embeddable":true,"href":"https:\/\/cuiaba.eleusal.com\/es\/wp-json\/wp\/v2\/comments?post=1368"}],"version-history":[{"count":1,"href":"https:\/\/cuiaba.eleusal.com\/es\/wp-json\/wp\/v2\/pages\/1368\/revisions"}],"predecessor-version":[{"id":1369,"href":"https:\/\/cuiaba.eleusal.com\/es\/wp-json\/wp\/v2\/pages\/1368\/revisions\/1369"}],"wp:attachment":[{"href":"https:\/\/cuiaba.eleusal.com\/es\/wp-json\/wp\/v2\/media?parent=1368"}],"curies":[{"name":"wp","href":"https:\/\/api.w.org\/{rel}","templated":true}]}}